{"id":2,"date":"2016-03-28T13:56:22","date_gmt":"2016-03-28T13:56:22","guid":{"rendered":"http:\/\/nostudio.com\/?page_id=2"},"modified":"2026-01-02T01:11:32","modified_gmt":"2026-01-01T18:11:32","slug":"gioi-thieu","status":"publish","type":"page","link":"https:\/\/demo.webbetop.com\/?page_id=2","title":{"rendered":"Gi\u1edbi thi\u1ec7u"},"content":{"rendered":"<p class=\"text-justify\">D\u1ecbch v\u1ee5 <b>thu\u00ea xe \u0110\u00e0 N\u1eb5ng<\/b> c\u1ee7a ch\u00fang t\u00f4i chuy\u00ean cung c\u1ea5p <strong>\u00f4 t\u00f4 t\u1eeb 4 ch\u1ed7 \u0111\u1ebfn 45 ch\u1ed7<\/strong> v\u1edbi m\u1ee5c \u0111\u00edch v\u1eadn chuy\u1ec3n kh\u00e1ch c\u00f9ng nhi\u1ec1u lo\u1ea1i h\u00ecnh d\u1ecbch v\u1ee5 kh\u00e1c nhau<span class=\"hidden-xs\"> nh\u01b0: thu\u00ea xe du l\u1ecbch, thu\u00ea xe c\u01b0\u1edbi h\u1ecfi, thu\u00ea xe t\u1ef1 l\u00e1i, thu\u00ea xe h\u1ee3p \u0111\u1ed3ng th\u00e1ng,thu\u00ea xe cao c\u1ea5p<\/span>.<!--more--> \u0110\u1ed9i xe ch\u00fang t\u00f4i v\u1edbi nhi\u1ec1u th\u01b0\u01a1ng hi\u1ec7u n\u1ed5i ti\u1ebfng th\u1ebf gi\u1edbi: <em>Mercedes<\/em>, <em>Toyota<\/em>, <em>Honda<\/em>, <em>Mitsubishi<\/em>, <em>Kia<\/em>,<em>Hyundai<\/em>, <em>Ford<\/em>, <em>Chevrolet<\/em>, <em>Mazda<\/em> c\u00f9ng \u0111\u1ed9i ng\u0169 nh\u00e2n vi\u00ean lu\u00f4n chuy\u00ean t\u00e2m ph\u1ee5c v\u1ee5 m\u1ecdi y\u00eau c\u1ea7u c\u1ee7a qu\u00fd kh\u00e1ch h\u00e0ng v\u1edbi quy\u1ebft t\u00e2m v\u00e0 tr\u00e1ch nhi\u1ec7m cao nh\u1ea5t. Tr\u00e3i qua kinh nghi\u1ec7m nhi\u1ec1u n\u0103m c\u00f9ng s\u1ef1 \u0111a d\u1ea1ng h\u00f3a trong d\u1ecbch v\u1ee5 c\u1ee7a m\u00ecnh, ch\u00fang t\u00f4i tin t\u01b0\u1edfng s\u1ebd l\u00e0m th\u1ecfa m\u00e3n m\u1ecdi nhu c\u1ea7u c\u1ee7a qu\u00fd kh\u00e1ch.<\/p>\n<p class=\"text-justify\">H\u00e3y tham kh\u1ea3o d\u01b0\u1edbi \u0111\u00e2y nh\u1eefng lo\u1ea1i h\u00ecnh d\u1ecbch v\u1ee5 <b>thu\u00ea xe t\u1ea1i \u0110\u00e0 N\u1eb5ng<\/b> c\u1ee7a c\u00f4ng ty ch\u00fang t\u00f4i v\u00e0 ch\u1ecdn cho m\u00ecnh m\u1ed9t h\u00ecnh th\u1ee9c t\u1ed1i \u01b0u t\u00f9y theo nhu c\u1ea7u c\u1ee7a qu\u00fd kh\u00e1ch.<\/p>\n","protected":false},"excerpt":{"rendered":"<p>D\u1ecbch v\u1ee5 thu\u00ea xe \u0110\u00e0 N\u1eb5ng c\u1ee7a ch\u00fang t\u00f4i chuy\u00ean cung c\u1ea5p \u00f4 t\u00f4 t\u1eeb 4 ch\u1ed7 \u0111\u1ebfn 45 ch\u1ed7 v\u1edbi m\u1ee5c \u0111\u00edch v\u1eadn chuy\u1ec3n kh\u00e1ch c\u00f9ng nhi\u1ec1u lo\u1ea1i h\u00ecnh d\u1ecbch v\u1ee5 kh\u00e1c nhau nh\u01b0: thu\u00ea xe du l\u1ecbch, thu\u00ea xe c\u01b0\u1edbi h\u1ecfi, thu\u00ea xe t\u1ef1 l\u00e1i, thu\u00ea xe h\u1ee3p \u0111\u1ed3ng th\u00e1ng,thu\u00ea xe cao c\u1ea5p.<\/p>\n","protected":false},"author":1,"featured_media":58,"parent":0,"menu_order":0,"comment_status":"closed","ping_status":"open","template":"","meta":{"footnotes":""},"class_list":["post-2","page","type-page","status-publish","has-post-thumbnail","hentry"],"yoast_head":"<!-- This site is optimized with the Yoast SEO plugin v26.6 - https:\/\/yoast.com\/wordpress\/plugins\/seo\/ -->\n<title>Gi\u1edbi thi\u1ec7u - C\u00f4ng ty TNHH MTV Du L\u1ecbch V\u00e0 Th\u01b0\u01a1ng m\u1ea1i Ho\u00e0ng D\u0169ng<\/title>\n<meta name=\"robots\" content=\"index, follow, max-snippet:-1, max-image-preview:large, max-video-preview:-1\" \/>\n<link rel=\"canonical\" href=\"https:\/\/demo.webbetop.com\/?page_id=2\" \/>\n<meta property=\"og:locale\" content=\"vi_VN\" \/>\n<meta property=\"og:type\" content=\"article\" \/>\n<meta property=\"og:title\" content=\"Gi\u1edbi thi\u1ec7u - C\u00f4ng ty TNHH MTV Du L\u1ecbch V\u00e0 Th\u01b0\u01a1ng m\u1ea1i Ho\u00e0ng D\u0169ng\" \/>\n<meta property=\"og:description\" content=\"D\u1ecbch v\u1ee5 thu\u00ea xe \u0110\u00e0 N\u1eb5ng c\u1ee7a ch\u00fang t\u00f4i chuy\u00ean cung c\u1ea5p \u00f4 t\u00f4 t\u1eeb 4 ch\u1ed7 \u0111\u1ebfn 45 ch\u1ed7 v\u1edbi m\u1ee5c \u0111\u00edch v\u1eadn chuy\u1ec3n kh\u00e1ch c\u00f9ng nhi\u1ec1u lo\u1ea1i h\u00ecnh d\u1ecbch v\u1ee5 kh\u00e1c nhau nh\u01b0: thu\u00ea xe du l\u1ecbch, thu\u00ea xe c\u01b0\u1edbi h\u1ecfi, thu\u00ea xe t\u1ef1 l\u00e1i, thu\u00ea xe h\u1ee3p \u0111\u1ed3ng th\u00e1ng,thu\u00ea xe cao c\u1ea5p.\" \/>\n<meta property=\"og:url\" content=\"https:\/\/demo.webbetop.com\/?page_id=2\" \/>\n<meta property=\"og:site_name\" content=\"C\u00f4ng ty TNHH MTV Du L\u1ecbch V\u00e0 Th\u01b0\u01a1ng m\u1ea1i Ho\u00e0ng D\u0169ng\" \/>\n<meta property=\"article:modified_time\" content=\"2026-01-01T18:11:32+00:00\" \/>\n<meta property=\"og:image\" content=\"https:\/\/demo.webbetop.com\/wp-content\/uploads\/2016\/03\/cong-ty-cho-thue-xe-da-nang.jpg\" \/>\n\t<meta property=\"og:image:width\" content=\"350\" \/>\n\t<meta property=\"og:image:height\" content=\"231\" \/>\n\t<meta property=\"og:image:type\" content=\"image\/jpeg\" \/>\n<meta name=\"twitter:card\" content=\"summary_large_image\" \/>\n<meta name=\"twitter:label1\" content=\"\u01af\u1edbc t\u00ednh th\u1eddi gian \u0111\u1ecdc\" \/>\n\t<meta name=\"twitter:data1\" content=\"2 ph\u00fat\" \/>\n<script type=\"application\/ld+json\" class=\"yoast-schema-graph\">{\"@context\":\"https:\/\/schema.org\",\"@graph\":[{\"@type\":\"WebPage\",\"@id\":\"https:\/\/demo.webbetop.com\/?page_id=2\",\"url\":\"https:\/\/demo.webbetop.com\/?page_id=2\",\"name\":\"Gi\u1edbi thi\u1ec7u - C\u00f4ng ty TNHH MTV Du L\u1ecbch V\u00e0 Th\u01b0\u01a1ng m\u1ea1i Ho\u00e0ng D\u0169ng\",\"isPartOf\":{\"@id\":\"https:\/\/demo.webbetop.com\/#website\"},\"primaryImageOfPage\":{\"@id\":\"https:\/\/demo.webbetop.com\/?page_id=2#primaryimage\"},\"image\":{\"@id\":\"https:\/\/demo.webbetop.com\/?page_id=2#primaryimage\"},\"thumbnailUrl\":\"https:\/\/demo.webbetop.com\/wp-content\/uploads\/2016\/03\/cong-ty-cho-thue-xe-da-nang.jpg\",\"datePublished\":\"2016-03-28T13:56:22+00:00\",\"dateModified\":\"2026-01-01T18:11:32+00:00\",\"breadcrumb\":{\"@id\":\"https:\/\/demo.webbetop.com\/?page_id=2#breadcrumb\"},\"inLanguage\":\"vi\",\"potentialAction\":[{\"@type\":\"ReadAction\",\"target\":[\"https:\/\/demo.webbetop.com\/?page_id=2\"]}]},{\"@type\":\"ImageObject\",\"inLanguage\":\"vi\",\"@id\":\"https:\/\/demo.webbetop.com\/?page_id=2#primaryimage\",\"url\":\"https:\/\/demo.webbetop.com\/wp-content\/uploads\/2016\/03\/cong-ty-cho-thue-xe-da-nang.jpg\",\"contentUrl\":\"https:\/\/demo.webbetop.com\/wp-content\/uploads\/2016\/03\/cong-ty-cho-thue-xe-da-nang.jpg\",\"width\":350,\"height\":231},{\"@type\":\"BreadcrumbList\",\"@id\":\"https:\/\/demo.webbetop.com\/?page_id=2#breadcrumb\",\"itemListElement\":[{\"@type\":\"ListItem\",\"position\":1,\"name\":\"Trang ch\u1ee7\",\"item\":\"https:\/\/demo.webbetop.com\/\"},{\"@type\":\"ListItem\",\"position\":2,\"name\":\"Gi\u1edbi thi\u1ec7u\"}]},{\"@type\":\"WebSite\",\"@id\":\"https:\/\/demo.webbetop.com\/#website\",\"url\":\"https:\/\/demo.webbetop.com\/\",\"name\":\"C\u00f4ng ty TNHH MTV Du L\u1ecbch V\u00e0 Th\u01b0\u01a1ng m\u1ea1i Ho\u00e0ng D\u0169ng\",\"description\":\"Cho thu\u00ea xe t\u1ea1i \u0110\u00e0 N\u1eb5ng\",\"potentialAction\":[{\"@type\":\"SearchAction\",\"target\":{\"@type\":\"EntryPoint\",\"urlTemplate\":\"https:\/\/demo.webbetop.com\/?s={search_term_string}\"},\"query-input\":{\"@type\":\"PropertyValueSpecification\",\"valueRequired\":true,\"valueName\":\"search_term_string\"}}],\"inLanguage\":\"vi\"}]}<\/script>\n<!-- \/ Yoast SEO plugin. -->","yoast_head_json":{"title":"Gi\u1edbi thi\u1ec7u - C\u00f4ng ty TNHH MTV Du L\u1ecbch V\u00e0 Th\u01b0\u01a1ng m\u1ea1i Ho\u00e0ng D\u0169ng","robots":{"index":"index","follow":"follow","max-snippet":"max-snippet:-1","max-image-preview":"max-image-preview:large","max-video-preview":"max-video-preview:-1"},"canonical":"https:\/\/demo.webbetop.com\/?page_id=2","og_locale":"vi_VN","og_type":"article","og_title":"Gi\u1edbi thi\u1ec7u - C\u00f4ng ty TNHH MTV Du L\u1ecbch V\u00e0 Th\u01b0\u01a1ng m\u1ea1i Ho\u00e0ng D\u0169ng","og_description":"D\u1ecbch v\u1ee5 thu\u00ea xe \u0110\u00e0 N\u1eb5ng c\u1ee7a ch\u00fang t\u00f4i chuy\u00ean cung c\u1ea5p \u00f4 t\u00f4 t\u1eeb 4 ch\u1ed7 \u0111\u1ebfn 45 ch\u1ed7 v\u1edbi m\u1ee5c \u0111\u00edch v\u1eadn chuy\u1ec3n kh\u00e1ch c\u00f9ng nhi\u1ec1u lo\u1ea1i h\u00ecnh d\u1ecbch v\u1ee5 kh\u00e1c nhau nh\u01b0: thu\u00ea xe du l\u1ecbch, thu\u00ea xe c\u01b0\u1edbi h\u1ecfi, thu\u00ea xe t\u1ef1 l\u00e1i, thu\u00ea xe h\u1ee3p \u0111\u1ed3ng th\u00e1ng,thu\u00ea xe cao c\u1ea5p.","og_url":"https:\/\/demo.webbetop.com\/?page_id=2","og_site_name":"C\u00f4ng ty TNHH MTV Du L\u1ecbch V\u00e0 Th\u01b0\u01a1ng m\u1ea1i Ho\u00e0ng D\u0169ng","article_modified_time":"2026-01-01T18:11:32+00:00","og_image":[{"width":350,"height":231,"url":"https:\/\/demo.webbetop.com\/wp-content\/uploads\/2016\/03\/cong-ty-cho-thue-xe-da-nang.jpg","type":"image\/jpeg"}],"twitter_card":"summary_large_image","twitter_misc":{"\u01af\u1edbc t\u00ednh th\u1eddi gian \u0111\u1ecdc":"2 ph\u00fat"},"schema":{"@context":"https:\/\/schema.org","@graph":[{"@type":"WebPage","@id":"https:\/\/demo.webbetop.com\/?page_id=2","url":"https:\/\/demo.webbetop.com\/?page_id=2","name":"Gi\u1edbi thi\u1ec7u - C\u00f4ng ty TNHH MTV Du L\u1ecbch V\u00e0 Th\u01b0\u01a1ng m\u1ea1i Ho\u00e0ng D\u0169ng","isPartOf":{"@id":"https:\/\/demo.webbetop.com\/#website"},"primaryImageOfPage":{"@id":"https:\/\/demo.webbetop.com\/?page_id=2#primaryimage"},"image":{"@id":"https:\/\/demo.webbetop.com\/?page_id=2#primaryimage"},"thumbnailUrl":"https:\/\/demo.webbetop.com\/wp-content\/uploads\/2016\/03\/cong-ty-cho-thue-xe-da-nang.jpg","datePublished":"2016-03-28T13:56:22+00:00","dateModified":"2026-01-01T18:11:32+00:00","breadcrumb":{"@id":"https:\/\/demo.webbetop.com\/?page_id=2#breadcrumb"},"inLanguage":"vi","potentialAction":[{"@type":"ReadAction","target":["https:\/\/demo.webbetop.com\/?page_id=2"]}]},{"@type":"ImageObject","inLanguage":"vi","@id":"https:\/\/demo.webbetop.com\/?page_id=2#primaryimage","url":"https:\/\/demo.webbetop.com\/wp-content\/uploads\/2016\/03\/cong-ty-cho-thue-xe-da-nang.jpg","contentUrl":"https:\/\/demo.webbetop.com\/wp-content\/uploads\/2016\/03\/cong-ty-cho-thue-xe-da-nang.jpg","width":350,"height":231},{"@type":"BreadcrumbList","@id":"https:\/\/demo.webbetop.com\/?page_id=2#breadcrumb","itemListElement":[{"@type":"ListItem","position":1,"name":"Trang ch\u1ee7","item":"https:\/\/demo.webbetop.com\/"},{"@type":"ListItem","position":2,"name":"Gi\u1edbi thi\u1ec7u"}]},{"@type":"WebSite","@id":"https:\/\/demo.webbetop.com\/#website","url":"https:\/\/demo.webbetop.com\/","name":"C\u00f4ng ty TNHH MTV Du L\u1ecbch V\u00e0 Th\u01b0\u01a1ng m\u1ea1i Ho\u00e0ng D\u0169ng","description":"Cho thu\u00ea xe t\u1ea1i \u0110\u00e0 N\u1eb5ng","potentialAction":[{"@type":"SearchAction","target":{"@type":"EntryPoint","urlTemplate":"https:\/\/demo.webbetop.com\/?s={search_term_string}"},"query-input":{"@type":"PropertyValueSpecification","valueRequired":true,"valueName":"search_term_string"}}],"inLanguage":"vi"}]}},"_links":{"self":[{"href":"https:\/\/demo.webbetop.com\/index.php?rest_route=\/wp\/v2\/pages\/2","targetHints":{"allow":["GET"]}}],"collection":[{"href":"https:\/\/demo.webbetop.com\/index.php?rest_route=\/wp\/v2\/pages"}],"about":[{"href":"https:\/\/demo.webbetop.com\/index.php?rest_route=\/wp\/v2\/types\/page"}],"author":[{"embeddable":true,"href":"https:\/\/demo.webbetop.com\/index.php?rest_route=\/wp\/v2\/users\/1"}],"replies":[{"embeddable":true,"href":"https:\/\/demo.webbetop.com\/index.php?rest_route=%2Fwp%2Fv2%2Fcomments&post=2"}],"version-history":[{"count":6,"href":"https:\/\/demo.webbetop.com\/index.php?rest_route=\/wp\/v2\/pages\/2\/revisions"}],"predecessor-version":[{"id":133,"href":"https:\/\/demo.webbetop.com\/index.php?rest_route=\/wp\/v2\/pages\/2\/revisions\/133"}],"wp:featuredmedia":[{"embeddable":true,"href":"https:\/\/demo.webbetop.com\/index.php?rest_route=\/wp\/v2\/media\/58"}],"wp:attachment":[{"href":"https:\/\/demo.webbetop.com\/index.php?rest_route=%2Fwp%2Fv2%2Fmedia&parent=2"}],"curies":[{"name":"wp","href":"https:\/\/api.w.org\/{rel}","templated":true}]}}